{"id":233,"date":"2024-03-24T19:48:43","date_gmt":"2024-03-24T19:48:43","guid":{"rendered":"http:\/\/ecsantandreu.com\/wp\/?page_id=233"},"modified":"2024-12-29T21:05:30","modified_gmt":"2024-12-29T21:05:30","slug":"contacte","status":"publish","type":"page","link":"https:\/\/ecsantandreu.com\/wp\/contacte\/","title":{"rendered":"Contacte"},"content":{"rendered":"<div class=\"accordion-inner\">\n<dl class=\"contact-address dl-horizontal\">\n<dt><\/dt>\n<\/dl>\n<p>Ens trobareu en dimecres alterns (\u00e9s a dir cada 15 dies) de 19:00 a 21:00&nbsp; a<\/p>\n<p style=\"padding-left: 40px;\"><em>C\/ Gran de Sant Andreu, 111 <strong>(Centre C\u00edvic de Sant Andreu).<\/strong><\/em><br \/>\n<em>Barcelona<\/em><br \/>\n<em>08030<\/em><br \/>\n<em>Espanya<\/em><\/p>\n<p>Tamb\u00e9 podeu contactar per tel\u00e8fon o email:<\/p>\n<p style=\"padding-left: 40px;\">Tel\u00e8fon:&nbsp;93 311 99 53<br \/>\nContacte email: ecsantandreu@gmail.com o andrestigero@hotmail.com<\/p>\n<p>&nbsp;<\/p>\n<\/div>\n","protected":false},"excerpt":{"rendered":"<p>Ens trobareu en dimecres alterns (\u00e9s a dir cada 15 dies) de 19:00 a 21:00&nbsp; a C\/ Gran de Sant Andreu, 111 (Centre C\u00edvic de Sant Andreu). Barcelona 08030 Espanya Tamb\u00e9 podeu contactar per tel\u00e8fon o email: Tel\u00e8fon:&nbsp;93 311 99 53 Contacte email: ecsantandreu@gmail.com o andrestigero@hotmail.com &nbsp;<\/p>\n","protected":false},"author":1,"featured_media":0,"parent":0,"menu_order":0,"comment_status":"closed","ping_status":"closed","template":"","meta":{"footnotes":""},"class_list":["post-233","page","type-page","status-publish","hentry"],"_links":{"self":[{"href":"https:\/\/ecsantandreu.com\/wp\/wp-json\/wp\/v2\/pages\/233","targetHints":{"allow":["GET"]}}],"collection":[{"href":"https:\/\/ecsantandreu.com\/wp\/wp-json\/wp\/v2\/pages"}],"about":[{"href":"https:\/\/ecsantandreu.com\/wp\/wp-json\/wp\/v2\/types\/page"}],"author":[{"embeddable":true,"href":"https:\/\/ecsantandreu.com\/wp\/wp-json\/wp\/v2\/users\/1"}],"replies":[{"embeddable":true,"href":"https:\/\/ecsantandreu.com\/wp\/wp-json\/wp\/v2\/comments?post=233"}],"version-history":[{"count":14,"href":"https:\/\/ecsantandreu.com\/wp\/wp-json\/wp\/v2\/pages\/233\/revisions"}],"predecessor-version":[{"id":5485,"href":"https:\/\/ecsantandreu.com\/wp\/wp-json\/wp\/v2\/pages\/233\/revisions\/5485"}],"wp:attachment":[{"href":"https:\/\/ecsantandreu.com\/wp\/wp-json\/wp\/v2\/media?parent=233"}],"curies":[{"name":"wp","href":"https:\/\/api.w.org\/{rel}","templated":true}]}}